{"id":417,"date":"2018-05-30T16:22:29","date_gmt":"2018-05-30T14:22:29","guid":{"rendered":"http:\/\/wethepeople-group.com\/?page_id=417"},"modified":"2025-06-20T11:45:12","modified_gmt":"2025-06-20T09:45:12","slug":"careers","status":"publish","type":"page","link":"https:\/\/wethepeople-group.com\/en\/careers\/","title":{"rendered":"Careers"},"content":{"rendered":"<p>Careers<\/p>\n\n<p>At Wethepeople, we are always looking for new talents and personalities&#8230;In the spirit of opening our chakras, sharing different perspectives and widening our collective horizons\u2026 let\u2019s get in touch?<\/p>\n\n<p>Spontaneous application<\/p>\n\n<p>Current job openings:<\/p>\n\n<p>Vous rejoignez une sympathique\u00a0\u00e9quipe digitale au sein d\u2019une agence en forte croissance \u00e0 l\u2019ambiance s\u00e9rieuse et conviviale. Nous souhaitons un \u00e9tat d\u2019esprit, une personne curieuse, cherchant \u00e0 progresser et \u00e9galement \u00e0 partager ses savoirs. \nVous \u00eates en charge de l\u2019acquisition de trafic pour l\u2019agence ainsi que ses clients.\u00a0\nVous appuyez le responsable de client\u00e8le sur ses recommandations, vous \u00eates force de proposition sur les leviers d\u2019acquisitions de traffic et de transformation en lead sur le web.\nVous \u00eates autonome sur la mise en place de recommandations et d\u2019impl\u00e9mentations de campagnes SEO, SEA, SMA. Vous avez \u00e0 votre actif quelques r\u00e9ussites ou vous justifiez \u00e0 minima de la cr\u00e9ation de recommandations d\u00e9taill\u00e9s pour gagner du trafic.\nVos recommandations sont appuy\u00e9es par des datas en tenant comptes des objectifs des sites d\u2019un point de vue qualitatif et quantitatif. Vous maitrisez les principaux KPI du online.\nVous aimez le contact client et la gestion de projet, vous \u00eates autonome et pointu, vous portez de l\u2019attention au d\u00e9tail sans vous laisser disperser. Vous pouvez faire des recommandations et mettre en place un plan d\u2019actions.\nVos principales missions :\nVous prenez \u00e0 votre charge\n\nL\u2019optimisation SEO\nLes campagnes SEA\nLes campagnes SMA\nLes campagnes d\u2019automation marketing\nCalcul de ROI\nCr\u00e9ation de reporting\nAccompagnement en client\u00e8le si besoin\n\nProfil recherch\u00e9 :\nDe formation Bac +4\/5, \u00e9cole de commerce, \u00e9cole d\u2019ing\u00e9nieur, \u00e9cole digitale ou universit\u00e9. Vous justifiez d\u2019une premi\u00e8re exp\u00e9rience en gestion de projet SEO \/ SEA\n\nTr\u00e8s bon esprit d\u00a0\u00e9quipe\nEsprit d\u2019initiative\nAutonomie\n\nLieu :\u00a0Paris 11Contrat :\u00a0CDIR\u00e9mun\u00e9ration :\u00a0A d\u00e9finir en fonction de l\u2019exp\u00e9rience\nComment postuler ?\nMerci de postuler par mail \u00e0 l\u2019adresse contact@armstrong.space\u00a0en rappelant la r\u00e9f\u00e9rence \u00ab\u00a0Chef de projet SEO\u00a0\u00bb.<\/p>\n\n<p>Responsable marketing d\u2019un \u00ab\u00a0business model\u00a0\u00bb complexe au sein d\u2019une organisation high Tech internationale.\nLe poste\nVous organisez, mettez en place et suivez le programme de motivation des nombreux partenaires revendeurs d\u2019une grande multinationale. Ce qui entend :\n\nUne interface directe avec les partenaires et les forces commerciales\nUne relation internationale avec les 13 autres r\u00e9gions du monde.\nLe d\u00e9veloppement de comp\u00e9tences marketing et financi\u00e8re, analyse et calcul de ROI, communication, mise en place de promotion, formation des partenaires\nParticipation active \u00e0 la probl\u00e9matique de Profitabilit\u00e9 des partenaires et de l\u2019enjeux de transformation vers le \u00ab\u00a0Cloud computing\u00a0\u00bb et la mobilit\u00e9 \u00ab\u00a0devices\u00a0\u00bb\nBeaucoup de nouveaut\u00e9s, lancement de programmes\/ produits tout au long de l\u2019ann\u00e9e.\n\nVos principales missions :\n\nEvang\u00e9lisation et formation des partenaires sur les programmes de r\u00e9mun\u00e9ration.\nAnimation de meeting interne (promotion, formation).\nMise en place de Dashboards\nR\u00e9daction d\u2019analyses.\nCalcul de ROI.\nR\u00e9daction de Newsletters.\nCr\u00e9ation de support de communication interne\/externe.\nR\u00e9unions mensuelles avec les partenaires.\n\nProfil recherch\u00e9 :\nDe formation Bac +4\/5, \u00e9cole de commerce, ou universit\u00e9. Option Finance un plus. Vous justifiez d\u2019une premi\u00e8re exp\u00e9rience en marketing B to B.\n\nBonnes aptitudes relationnelles, communication.\nTr\u00e8s bon esprit d\u00a0\u00e9quipe.\nEsprit d\u2019initiative.\nAutonomie.\nSolides bases en marketing reporting, calcul de ROI , mise en place de campagnes\u2026\nLa connaissance du Digital Marketing un vrai plus\nMa\u00eetrise parfaite de l\u2019anglais\nTr\u00e8s bonne ma\u00eetrise d\u2019Excel\nAffinit\u00e9 pour l\u2019IT, High\u00a0Tech et la transformation !\n\nLieu :\u00a0Issy-les-MoulineauxContrat :\u00a0CDIR\u00e9mun\u00e9ration :\u00a0A d\u00e9finir en fonction de l\u2019exp\u00e9rience\nComment postuler ?\nMerci de postuler par mail \u00e0 l\u2019adresse contact@armstrong.space\u00a0en rappelant la r\u00e9f\u00e9rence \u00ab\u00a0Responsable Marketing Partenaires\u00a0\u00bb.<\/p>\n\n<!-- {\"name\":\"\",\"type\":\"layout\",\"children\":[{\"name\":\"contact\",\"type\":\"section\",\"props\":{\"width\":\"small\",\"padding\":\"large\",\"style\":\"default\",\"height\":\"full\",\"image_size\":\"cover\",\"padding_remove_bottom\":false,\"animation\":\"slide-bottom-small\",\"animation_delay\":true,\"image_position\":\"center-center\",\"vertical_align\":\"middle\",\"title_position\":\"center-left\",\"title_rotation\":\"left\",\"title_breakpoint\":\"xl\",\"id\":\"contact\",\"title\":\"\"},\"children\":[{\"name\":\"\",\"type\":\"row\",\"props\":{\"fixed_width\":\"large\",\"breakpoint\":\"m\",\"layout\":\"1-1\"},\"children\":[{\"name\":\"\",\"type\":\"column\",\"props\":{\"widths\":[\"1-1\"],\"image_position\":\"center-center\"},\"children\":[{\"name\":\"\",\"type\":\"headline\",\"props\":{\"title_element\":\"h2\",\"text_align\":\"center\",\"content\":\"Careers\",\"title_style\":\"heading-primary\",\"css\":\".el-element {font-weight:800;}\"}},{\"name\":\"\",\"type\":\"text\",\"props\":{\"margin\":\"large\",\"column_breakpoint\":\"m\",\"content\":\"<p>At Wethepeople, we are always looking for new talents and personalities...<br><br>In the spirit of opening our chakras, sharing different perspectives and widening our collective horizons\\u2026 let\\u2019s get in touch?<\\\/p>\",\"text_style\":\"lead\",\"text_align\":\"center\",\"css\":\"p {font-size: 18px;}\"}},{\"name\":\"\",\"type\":\"button\",\"props\":{\"gutter\":\"small\",\"margin\":\"large\",\"text_align\":\"center\",\"css\":\".wpcf7-form {text-transform: uppercase;}\\ninput[type=\\\"submit\\\"] {color: #FFF; background-color: #000000;padding: 10px 15px;text-transform: uppercase;font-size:12px;font-weight:700;}\",\"maxwidth\":\"\"},\"children\":[{\"name\":\"\",\"type\":\"button_item\",\"props\":{\"button_style\":\"secondary\",\"icon_align\":\"left\",\"content\":\"Spontaneous application\",\"link\":\"https:\\\/\\\/wethepeople-group.com\\\/en\\\/spontaneous-application\\\/\"}}]},{\"name\":\"\",\"type\":\"headline\",\"props\":{\"title_element\":\"h3\",\"content\":\"<strong>Current job openings:<\\\/strong>\",\"text_align\":\"center\"}},{\"name\":\"\",\"type\":\"accordion\",\"props\":{\"show_image\":true,\"show_link\":true,\"collapsible\":true,\"image_align\":\"top\",\"image_grid_width\":\"1-2\",\"image_breakpoint\":\"m\",\"link_text\":\"Read more\",\"link_style\":\"default\",\"maxwidth\":\"xlarge\",\"maxwidth_align\":\"center\",\"content_style\":\"lead\",\"css\":\".metier, h2 {font-size:14px;font-weight:700;border-top:solid 1px #ccc;padding-top: 20px;text-transform: uppercase;}\\n.poste {font-size: 20px;font-weight:400;margin-top: 15px;font-size:20px;text-transform: uppercase;}\\n.contrat {font-weight:300;font-size:12px;}\\n.uk-accordion {border-top:solid 1px #000000;margin-top: 10px;}\\np, ul {font-size:12px;}\\n\"},\"children\":[{\"name\":\"\",\"type\":\"accordion_item\",\"props\":{\"title\":\"<div class=\\\"metier\\\">MARKETING<\\\/div><div class=\\\"poste\\\">Chef de Projet SEO \\\/ SEA H\\\/F<\\\/div><div class=\\\"contrat\\\">CDI<\\\/div>\",\"content\":\"<p><b>Vous rejoignez une sympathique\\u00a0\\u00e9quipe digitale au sein d\\u2019une agence en forte croissance \\u00e0 l\\u2019ambiance s\\u00e9rieuse et conviviale. Nous souhaitons un \\u00e9tat d\\u2019esprit, une personne curieuse, cherchant \\u00e0 progresser et \\u00e9galement \\u00e0 partager ses savoirs. <\\\/b><\\\/p>\\n<p><b>Vous \\u00eates en charge de l\\u2019acquisition de trafic pour l\\u2019agence ainsi que ses clients.\\u00a0<\\\/b><\\\/p>\\n<p>Vous appuyez le responsable de client\\u00e8le sur ses recommandations, vous \\u00eates force de proposition sur les leviers d\\u2019acquisitions de traffic et de transformation en lead sur le web.<\\\/p>\\n<p>Vous \\u00eates autonome sur la mise en place de recommandations et d\\u2019impl\\u00e9mentations de campagnes SEO, SEA, SMA. Vous avez \\u00e0 votre actif quelques r\\u00e9ussites ou vous justifiez \\u00e0 minima de la cr\\u00e9ation de recommandations d\\u00e9taill\\u00e9s pour gagner du trafic.<\\\/p>\\n<p>Vos recommandations sont appuy\\u00e9es par des datas en tenant comptes des objectifs des sites d\\u2019un point de vue qualitatif et quantitatif. Vous maitrisez les principaux KPI du online.<\\\/p>\\n<p>Vous aimez le contact client et la gestion de projet, vous \\u00eates autonome et pointu, vous portez de l\\u2019attention au d\\u00e9tail sans vous laisser disperser. Vous pouvez faire des recommandations et mettre en place un plan d\\u2019actions.<\\\/p>\\n<h2>Vos principales missions :<\\\/h2>\\n<p>Vous prenez \\u00e0 votre charge<\\\/p>\\n<ul>\\n<li>L\\u2019optimisation SEO<\\\/li>\\n<li>Les campagnes SEA<\\\/li>\\n<li>Les campagnes SMA<\\\/li>\\n<li>Les campagnes d\\u2019automation marketing<\\\/li>\\n<li>Calcul de ROI<\\\/li>\\n<li>Cr\\u00e9ation de reporting<\\\/li>\\n<li>Accompagnement en client\\u00e8le si besoin<\\\/li>\\n<\\\/ul>\\n<h2>Profil recherch\\u00e9 :<\\\/h2>\\n<p>De formation Bac +4\\\/5, \\u00e9cole de commerce, \\u00e9cole d\\u2019ing\\u00e9nieur, \\u00e9cole digitale ou universit\\u00e9. Vous justifiez d\\u2019une premi\\u00e8re exp\\u00e9rience en gestion de projet SEO \\\/ SEA<\\\/p>\\n<ul>\\n<li><b>Tr\\u00e8s bon esprit d\\u00a0\\u00e9quipe<\\\/b><\\\/li>\\n<li><b>Esprit d\\u2019initiative<\\\/b><\\\/li>\\n<li><b>Autonomie<\\\/b><\\\/li>\\n<\\\/ul>\\n<p><strong>Lieu :<\\\/strong>\\u00a0Paris 11<br \\\/><strong>Contrat :<\\\/strong>\\u00a0CDI<br \\\/><strong>R\\u00e9mun\\u00e9ration :<\\\/strong>\\u00a0A d\\u00e9finir en fonction de l\\u2019exp\\u00e9rience<\\\/p>\\n<p><strong>Comment postuler ?<\\\/strong><\\\/p>\\n<p>Merci de postuler par mail \\u00e0 l\\u2019adresse contact@armstrong.space\\u00a0en rappelant la r\\u00e9f\\u00e9rence \\u00ab\\u00a0Chef de projet SEO\\u00a0\\u00bb.<\\\/p>\"}},{\"name\":\"\",\"type\":\"accordion_item\",\"props\":{\"title\":\"<div class=\\\"metier\\\">marketing<\\\/div><div class=\\\"poste\\\">Responsable marketing partenaires H\\\/F<\\\/div><div class=\\\"contrat\\\">CDI<\\\/div>\",\"content\":\"<p><b>Responsable marketing d\\u2019un \\u00ab\\u00a0business model\\u00a0\\u00bb complexe au sein d\\u2019une organisation high Tech internationale.<\\\/b><\\\/p>\\n<h2>Le poste<\\\/h2>\\n<p>Vous organisez, mettez en place et suivez le programme de motivation des nombreux partenaires revendeurs d\\u2019une grande multinationale. Ce qui entend :<\\\/p>\\n<ul>\\n<li>Une <b>interface directe avec les partenaires <\\\/b>et les forces commerciales<\\\/li>\\n<li>Une <b>relation internationale <\\\/b>avec les 13 autres r\\u00e9gions du monde.<\\\/li>\\n<li>Le <b>d\\u00e9veloppement de comp\\u00e9tences marketing et financi\\u00e8re<\\\/b>, analyse et calcul de ROI, communication, mise en place de promotion, formation des partenaires<\\\/li>\\n<li><b>Participation active \\u00e0 la probl\\u00e9matique de Profitabilit\\u00e9 des partenaires<\\\/b> et de l\\u2019enjeux de transformation vers le \\u00ab\\u00a0Cloud computing\\u00a0\\u00bb et la mobilit\\u00e9 \\u00ab\\u00a0devices\\u00a0\\u00bb<\\\/li>\\n<li><b>Beaucoup de nouveaut\\u00e9s, <\\\/b>lancement de programmes\\\/ produits tout au long de l\\u2019ann\\u00e9e.<\\\/li>\\n<\\\/ul>\\n<h2>Vos principales missions :<\\\/h2>\\n<ul>\\n<li>Evang\\u00e9lisation et formation des partenaires sur les programmes de r\\u00e9mun\\u00e9ration.<\\\/li>\\n<li>Animation de meeting interne (promotion, formation).<\\\/li>\\n<li>Mise en place de Dashboards<\\\/li>\\n<li>R\\u00e9daction d\\u2019analyses.<\\\/li>\\n<li>Calcul de ROI.<\\\/li>\\n<li>R\\u00e9daction de Newsletters.<\\\/li>\\n<li>Cr\\u00e9ation de support de communication interne\\\/externe.<\\\/li>\\n<li>R\\u00e9unions mensuelles avec les partenaires.<\\\/li>\\n<\\\/ul>\\n<h2>Profil recherch\\u00e9 :<\\\/h2>\\n<p>De formation Bac +4\\\/5, \\u00e9cole de commerce, ou universit\\u00e9. Option Finance un plus. Vous justifiez d\\u2019une premi\\u00e8re exp\\u00e9rience en marketing B to B.<\\\/p>\\n<ul>\\n<li><b>Bonnes aptitudes relationnelles, <\\\/b>communication.<\\\/li>\\n<li><b>Tr\\u00e8s bon esprit d\\u00a0\\u00e9quipe.<\\\/b><\\\/li>\\n<li><b>Esprit d\\u2019initiative.<\\\/b><\\\/li>\\n<li><b>Autonomie.<\\\/b><\\\/li>\\n<li><b>Solides bases en marketing <\\\/b>reporting, calcul de ROI , mise en place de campagnes\\u2026<\\\/li>\\n<li><b>La connaissance du Digital Marketing <\\\/b>un vrai plus<\\\/li>\\n<li>Ma\\u00eetrise parfaite de <b>l\\u2019anglais<\\\/b><\\\/li>\\n<li>Tr\\u00e8s bonne <b>ma\\u00eetrise <\\\/b><b>d\\u2019Excel<\\\/b><\\\/li>\\n<li><b>Affinit\\u00e9 pour l\\u2019IT, <\\\/b><b>High<\\\/b><b>\\u00a0Tech et la transformation !<\\\/b><\\\/li>\\n<\\\/ul>\\n<p><strong>Lieu :<\\\/strong>\\u00a0Issy-les-Moulineaux<br \\\/><strong>Contrat :<\\\/strong>\\u00a0CDI<br \\\/><strong>R\\u00e9mun\\u00e9ration :<\\\/strong>\\u00a0A d\\u00e9finir en fonction de l\\u2019exp\\u00e9rience<\\\/p>\\n<p><strong>Comment postuler ?<\\\/strong><\\\/p>\\n<p>Merci de postuler par mail \\u00e0 l\\u2019adresse contact@armstrong.space\\u00a0en rappelant la r\\u00e9f\\u00e9rence \\u00ab\\u00a0Responsable Marketing Partenaires\\u00a0\\u00bb.<\\\/p>\"}}]}]}]}]}]} -->","protected":false},"excerpt":{"rendered":"Careers At Wethepeople, we are always looking for new talents and personalities&#8230;In the spirit of opening our chakras, sharing different perspectives and widening our collective horizons\u2026 let\u2019s get in touch? Spontaneous application Current job openings: Vous rejoignez une sympathique\u00a0\u00e9quipe digitale au sein d\u2019une agence en forte croissance \u00e0 l\u2019ambiance s\u00e9rieuse et conviviale. Nous souhaitons un [&hellip;]","protected":false},"author":1,"featured_media":0,"parent":0,"menu_order":0,"comment_status":"closed","ping_status":"closed","template":"","meta":{"footnotes":""},"class_list":["post-417","page","type-page","status-publish","hentry"],"yoast_head":"<!-- This site is optimized with the Yoast SEO plugin v26.2 - https:\/\/yoast.com\/wordpress\/plugins\/seo\/ -->\n<title>Careers - We The People<\/title>\n<meta name=\"robots\" content=\"index, follow, max-snippet:-1, max-image-preview:large, max-video-preview:-1\" \/>\n<link rel=\"canonical\" href=\"https:\/\/wethepeople-group.com\/en\/careers\/\" \/>\n<meta property=\"og:locale\" content=\"en_US\" \/>\n<meta property=\"og:type\" content=\"article\" \/>\n<meta property=\"og:title\" content=\"Careers - We The People\" \/>\n<meta property=\"og:description\" content=\"Careers At Wethepeople, we are always looking for new talents and personalities&#8230;In the spirit of opening our chakras, sharing different perspectives and widening our collective horizons\u2026 let\u2019s get in touch? Spontaneous application Current job openings: Vous rejoignez une sympathique\u00a0\u00e9quipe digitale au sein d\u2019une agence en forte croissance \u00e0 l\u2019ambiance s\u00e9rieuse et conviviale. Nous souhaitons un [&hellip;]\" \/>\n<meta property=\"og:url\" content=\"https:\/\/wethepeople-group.com\/en\/careers\/\" \/>\n<meta property=\"og:site_name\" content=\"We The People\" \/>\n<meta property=\"article:modified_time\" content=\"2025-06-20T09:45:12+00:00\" \/>\n<meta name=\"twitter:card\" content=\"summary_large_image\" \/>\n<meta name=\"twitter:label1\" content=\"Est. reading time\" \/>\n\t<meta name=\"twitter:data1\" content=\"4 minutes\" \/>\n<script type=\"application\/ld+json\" class=\"yoast-schema-graph\">{\"@context\":\"https:\/\/schema.org\",\"@graph\":[{\"@type\":\"WebPage\",\"@id\":\"https:\/\/wethepeople-group.com\/en\/careers\/\",\"url\":\"https:\/\/wethepeople-group.com\/en\/careers\/\",\"name\":\"Careers - We The People\",\"isPartOf\":{\"@id\":\"https:\/\/wethepeople-group.com\/#website\"},\"datePublished\":\"2018-05-30T14:22:29+00:00\",\"dateModified\":\"2025-06-20T09:45:12+00:00\",\"breadcrumb\":{\"@id\":\"https:\/\/wethepeople-group.com\/en\/careers\/#breadcrumb\"},\"inLanguage\":\"en-US\",\"potentialAction\":[{\"@type\":\"ReadAction\",\"target\":[\"https:\/\/wethepeople-group.com\/en\/careers\/\"]}]},{\"@type\":\"BreadcrumbList\",\"@id\":\"https:\/\/wethepeople-group.com\/en\/careers\/#breadcrumb\",\"itemListElement\":[{\"@type\":\"ListItem\",\"position\":1,\"name\":\"Accueil\",\"item\":\"https:\/\/wethepeople-group.com\/en\/\"},{\"@type\":\"ListItem\",\"position\":2,\"name\":\"Careers\"}]},{\"@type\":\"WebSite\",\"@id\":\"https:\/\/wethepeople-group.com\/#website\",\"url\":\"https:\/\/wethepeople-group.com\/\",\"name\":\"We The People\",\"description\":\"CONVERGENCE MARKETING | CR\u00c9ATION | DATA | TECH\",\"potentialAction\":[{\"@type\":\"SearchAction\",\"target\":{\"@type\":\"EntryPoint\",\"urlTemplate\":\"https:\/\/wethepeople-group.com\/?s={search_term_string}\"},\"query-input\":{\"@type\":\"PropertyValueSpecification\",\"valueRequired\":true,\"valueName\":\"search_term_string\"}}],\"inLanguage\":\"en-US\"}]}<\/script>\n<!-- \/ Yoast SEO plugin. -->","yoast_head_json":{"title":"Careers - We The People","robots":{"index":"index","follow":"follow","max-snippet":"max-snippet:-1","max-image-preview":"max-image-preview:large","max-video-preview":"max-video-preview:-1"},"canonical":"https:\/\/wethepeople-group.com\/en\/careers\/","og_locale":"en_US","og_type":"article","og_title":"Careers - We The People","og_description":"Careers At Wethepeople, we are always looking for new talents and personalities&#8230;In the spirit of opening our chakras, sharing different perspectives and widening our collective horizons\u2026 let\u2019s get in touch? Spontaneous application Current job openings: Vous rejoignez une sympathique\u00a0\u00e9quipe digitale au sein d\u2019une agence en forte croissance \u00e0 l\u2019ambiance s\u00e9rieuse et conviviale. Nous souhaitons un [&hellip;]","og_url":"https:\/\/wethepeople-group.com\/en\/careers\/","og_site_name":"We The People","article_modified_time":"2025-06-20T09:45:12+00:00","twitter_card":"summary_large_image","twitter_misc":{"Est. reading time":"4 minutes"},"schema":{"@context":"https:\/\/schema.org","@graph":[{"@type":"WebPage","@id":"https:\/\/wethepeople-group.com\/en\/careers\/","url":"https:\/\/wethepeople-group.com\/en\/careers\/","name":"Careers - We The People","isPartOf":{"@id":"https:\/\/wethepeople-group.com\/#website"},"datePublished":"2018-05-30T14:22:29+00:00","dateModified":"2025-06-20T09:45:12+00:00","breadcrumb":{"@id":"https:\/\/wethepeople-group.com\/en\/careers\/#breadcrumb"},"inLanguage":"en-US","potentialAction":[{"@type":"ReadAction","target":["https:\/\/wethepeople-group.com\/en\/careers\/"]}]},{"@type":"BreadcrumbList","@id":"https:\/\/wethepeople-group.com\/en\/careers\/#breadcrumb","itemListElement":[{"@type":"ListItem","position":1,"name":"Accueil","item":"https:\/\/wethepeople-group.com\/en\/"},{"@type":"ListItem","position":2,"name":"Careers"}]},{"@type":"WebSite","@id":"https:\/\/wethepeople-group.com\/#website","url":"https:\/\/wethepeople-group.com\/","name":"We The People","description":"CONVERGENCE MARKETING | CR\u00c9ATION | DATA | TECH","potentialAction":[{"@type":"SearchAction","target":{"@type":"EntryPoint","urlTemplate":"https:\/\/wethepeople-group.com\/?s={search_term_string}"},"query-input":{"@type":"PropertyValueSpecification","valueRequired":true,"valueName":"search_term_string"}}],"inLanguage":"en-US"}]}},"_links":{"self":[{"href":"https:\/\/wethepeople-group.com\/en\/wp-json\/wp\/v2\/pages\/417","targetHints":{"allow":["GET"]}}],"collection":[{"href":"https:\/\/wethepeople-group.com\/en\/wp-json\/wp\/v2\/pages"}],"about":[{"href":"https:\/\/wethepeople-group.com\/en\/wp-json\/wp\/v2\/types\/page"}],"author":[{"embeddable":true,"href":"https:\/\/wethepeople-group.com\/en\/wp-json\/wp\/v2\/users\/1"}],"replies":[{"embeddable":true,"href":"https:\/\/wethepeople-group.com\/en\/wp-json\/wp\/v2\/comments?post=417"}],"version-history":[{"count":4,"href":"https:\/\/wethepeople-group.com\/en\/wp-json\/wp\/v2\/pages\/417\/revisions"}],"predecessor-version":[{"id":9968,"href":"https:\/\/wethepeople-group.com\/en\/wp-json\/wp\/v2\/pages\/417\/revisions\/9968"}],"wp:attachment":[{"href":"https:\/\/wethepeople-group.com\/en\/wp-json\/wp\/v2\/media?parent=417"}],"curies":[{"name":"wp","href":"https:\/\/api.w.org\/{rel}","templated":true}]}}